{"id":3799,"date":"2025-11-03T16:08:18","date_gmt":"2025-11-03T16:08:18","guid":{"rendered":"http:\/\/zaczek.edu.pl\/wp\/?page_id=3799"},"modified":"2025-11-03T16:10:11","modified_gmt":"2025-11-03T16:10:11","slug":"wycieczka-sandomierz","status":"publish","type":"page","link":"http:\/\/zaczek.edu.pl\/wp\/wycieczka-sandomierz\/","title":{"rendered":"wycieczka Sandomierz"},"content":{"rendered":"<div id=\"pl-3799\"  class=\"panel-layout\" ><div id=\"pg-3799-0\"  class=\"panel-grid panel-no-style\" ><div id=\"pgc-3799-0-0\"  class=\"panel-grid-cell\" ><div id=\"panel-3799-0-0-0\" class=\"so-panel widget widget_sow-image panel-first-child panel-last-child\" data-index=\"0\" ><div\n\t\t\t\n\t\t\tclass=\"so-widget-sow-image so-widget-sow-image-default-8b5b6f678277-3799\"\n\t\t\t\n\t\t>\n<div class=\"sow-image-container\">\n\t\t<img \n\tsrc=\"http:\/\/zaczek.edu.pl\/wp\/wp-content\/uploads\/2025\/11\/sandomierz-300x225.jpg\" width=\"300\" height=\"225\" srcset=\"http:\/\/zaczek.edu.pl\/wp\/wp-content\/uploads\/2025\/11\/sandomierz-300x225.jpg 300w, http:\/\/zaczek.edu.pl\/wp\/wp-content\/uploads\/2025\/11\/sandomierz-768x576.jpg 768w, http:\/\/zaczek.edu.pl\/wp\/wp-content\/uploads\/2025\/11\/sandomierz.jpg 800w\" sizes=\"(max-width: 300px) 100vw, 300px\" alt=\"\" \t\tclass=\"so-widget-image\"\/>\n\t<\/div>\n\n<\/div><\/div><\/div><div id=\"pgc-3799-0-1\"  class=\"panel-grid-cell\" ><div id=\"panel-3799-0-1-0\" class=\"so-panel widget widget_sow-editor panel-first-child panel-last-child\" data-index=\"1\" ><div\n\t\t\t\n\t\t\tclass=\"so-widget-sow-editor so-widget-sow-editor-base\"\n\t\t\t\n\t\t>\n<div class=\"siteorigin-widget-tinymce textwidget\">\n\t<p>termin: do uzgodnienia<\/p>\n<p>Zwiedzanie miasta, wycieczka meleksami, podziemna trasa turystyczna, rejs statkiem<\/p>\n<p><a href=\"http:\/\/zaczek.edu.pl\/wp\/wp-content\/uploads\/2025\/11\/Zaczek-szablon-Sandomierz.pdf\">\u21d3 Oferta do pobrania w pliku pdf \u21d3<\/a><\/p>\n<\/div>\n<\/div><\/div><\/div><\/div><div id=\"pg-3799-1\"  class=\"panel-grid panel-no-style\" ><div id=\"pgc-3799-1-0\"  class=\"panel-grid-cell\" ><div id=\"panel-3799-1-0-0\" class=\"so-panel widget widget_sow-editor panel-first-child panel-last-child\" data-index=\"2\" ><div\n\t\t\t\n\t\t\tclass=\"so-widget-sow-editor so-widget-sow-editor-base\"\n\t\t\t\n\t\t>\n<div class=\"siteorigin-widget-tinymce textwidget\">\n\t<p align=\"CENTER\"><b>SANDOMIERZ<\/b><\/p>\n<p align=\"CENTER\"><b>JEDNODNIOWA WYCIECZKA SZKOLNA<\/b><\/p>\n<p align=\"CENTER\">Atrakcje: Zwiedzanie miasta, wycieczka meleksami, podziemna trasa turystyczna, rejs statkiem<\/p>\n<p><b>termin:<\/b> do ustalenia<\/p>\n<p>&nbsp;<\/p>\n<table border=\"1\" width=\"100%\" cellspacing=\"0\" cellpadding=\"4\">\n<tbody>\n<tr valign=\"TOP\">\n<td width=\"25%\"><b>cena<\/b><\/td>\n<td width=\"25%\">\n<p align=\"CENTER\">310 z\u0142<\/p>\n<\/td>\n<td width=\"25%\">\n<p align=\"CENTER\">330 z\u0142<\/p>\n<\/td>\n<td width=\"25%\">\n<p align=\"CENTER\">355 z\u0142<\/p>\n<\/td>\n<\/tr>\n<tr valign=\"TOP\">\n<td width=\"25%\"><b>ilo\u015b\u0107 uczestnik\u00f3w<\/b><\/td>\n<td width=\"25%\">\n<p align=\"CENTER\">40-55 os\u00f3b<\/p>\n<\/td>\n<td width=\"25%\">\n<p align=\"CENTER\">35-39 os\u00f3b<\/p>\n<\/td>\n<td width=\"25%\">\n<p align=\"CENTER\">30-34 os\u00f3b<\/p>\n<\/td>\n<\/tr>\n<\/tbody>\n<\/table>\n<p><b>Cena zawiera:<\/b><\/p>\n<p>\u221a przejazd autokarem<\/p>\n<p>\u221a op\u0142aty drogowe i parkingowe<\/p>\n<p>\u221a opiek\u0119 pilota na ca\u0142ej trasie wycieczki<\/p>\n<p>\u221a bilety wst\u0119pu do zwiedzanych obiekt\u00f3w<\/p>\n<p>\u221a realizacj\u0119 programu<\/p>\n<p>\u221a przewodnik\u00f3w lokalnych<\/p>\n<p>\u221a ubezpieczenie NNW<\/p>\n<p>\u221a miejsca gratis dla opiekun\u00f3w (1 opiekun na 15 uczestnik\u00f3w)<\/p>\n<p>Sandomierz szczyci si\u0119 wspania\u0142\u0105 histori\u0105 oraz zabytkow\u0105 architektur\u0105, dzi\u0119ki kt\u00f3rej jest on jednym z ch\u0119tniej odwiedzanych przez turyst\u00f3w miast w Polsce.<\/p>\n<p>&nbsp;<\/p>\n<p><b>Program wycieczki:<\/b><\/p>\n<p>Zbi\u00f3rka uczestnik\u00f3w, wyjazd o godz. 7.00<\/p>\n<p>Przejazd do Sandomierza.<\/p>\n<p>Wycieczka meleksami po Sandomierzu \u2013 przejazd elektrycznymi samochodami tras\u0105 biegn\u0105c\u0105 obok najwa\u017cniejszych atrakcji Sandomierza.<\/p>\n<p>Katedra w Sandomierzu \u2013 najcenniejszy zabytek miasta, wn\u0119trza katedry z malowid\u0142ami pami\u0119taj\u0105cymi Jagiellon\u00f3w oraz kontrowersyjnymi obrazami \u017cydowskich mord\u00f3w rytualnych.<\/p>\n<p>Podziemna trasa turystyczna \u2013 zwiedzanie systemu podziemnych korytarzy, zlokalizowanych wprost pod sandomierskim rynkiem.<\/p>\n<p>Rejs statkiem po Wi\u015ble \u2013 rejs statkiem bia\u0142ej floty, podczas kt\u00f3rego mo\u017cna obejrze\u0107 miasto z zupe\u0142nie innej perspektywy.<\/p>\n<p>Przerwa na posi\u0142ek (we w\u0142asnym zakresie) lub fakultatywny obiad.<\/p>\n<p>Wyjazd w drog\u0119 powrotn\u0105<\/p>\n<p>Zako\u0144czenie wycieczki pod szko\u0142\u0105 ok. godz. 20.00.<\/p>\n<\/div>\n<\/div><\/div><\/div><\/div><\/div>","protected":false},"excerpt":{"rendered":"<p>termin: do uzgodnienia Zwiedzanie miasta, wycieczka meleksami, podziemna trasa turystyczna, rejs statkiem \u21d3 Oferta do pobrania w pliku pdf \u21d3 SANDOMIERZ JEDNODNIOWA WYCIECZKA SZKOLNA Atrakcje: Zwiedzanie miasta, wycieczka meleksami, podziemna trasa turystyczna, rejs statkiem termin: do ustalenia &nbsp; cena 310 z\u0142 330 z\u0142 355 z\u0142 ilo\u015b\u0107 uczestnik\u00f3w 40-55 os\u00f3b 35-39 os\u00f3b 30-34 os\u00f3b Cena zawiera: [&hellip;]<\/p>\n","protected":false},"author":1,"featured_media":0,"parent":0,"menu_order":0,"comment_status":"closed","ping_status":"closed","template":"","meta":{"site-sidebar-layout":"default","site-content-layout":"","ast-site-content-layout":"default","site-content-style":"default","site-sidebar-style":"default","ast-global-header-display":"","ast-banner-title-visibility":"","ast-main-header-display":"","ast-hfb-above-header-display":"","ast-hfb-below-header-display":"","ast-hfb-mobile-header-display":"","site-post-title":"","ast-breadcrumbs-content":"","ast-featured-img":"","footer-sml-layout":"","theme-transparent-header-meta":"default","adv-header-id-meta":"","stick-header-meta":"","header-above-stick-meta":"","header-main-stick-meta":"","header-below-stick-meta":"","astra-migrate-meta-layouts":"set","ast-page-background-enabled":"default","ast-page-background-meta":{"desktop":{"background-color":"var(--ast-global-color-4)","background-image":"","background-repeat":"repeat","background-position":"center center","background-size":"auto","background-attachment":"scroll","background-type":"","background-media":"","overlay-type":"","overlay-color":"","overlay-opacity":"","overlay-gradient":""},"tablet":{"background-color":"","background-image":"","background-repeat":"repeat","background-position":"center center","background-size":"auto","background-attachment":"scroll","background-type":"","background-media":"","overlay-type":"","overlay-color":"","overlay-opacity":"","overlay-gradient":""},"mobile":{"background-color":"","background-image":"","background-repeat":"repeat","background-position":"center center","background-size":"auto","background-attachment":"scroll","background-type":"","background-media":"","overlay-type":"","overlay-color":"","overlay-opacity":"","overlay-gradient":""}},"ast-content-background-meta":{"desktop":{"background-color":"var(--ast-global-color-5)","background-image":"","background-repeat":"repeat","background-position":"center center","background-size":"auto","background-attachment":"scroll","background-type":"","background-media":"","overlay-type":"","overlay-color":"","overlay-opacity":"","overlay-gradient":""},"tablet":{"background-color":"var(--ast-global-color-5)","background-image":"","background-repeat":"repeat","background-position":"center center","background-size":"auto","background-attachment":"scroll","background-type":"","background-media":"","overlay-type":"","overlay-color":"","overlay-opacity":"","overlay-gradient":""},"mobile":{"background-color":"var(--ast-global-color-5)","background-image":"","background-repeat":"repeat","background-position":"center center","background-size":"auto","background-attachment":"scroll","background-type":"","background-media":"","overlay-type":"","overlay-color":"","overlay-opacity":"","overlay-gradient":""}},"footnotes":""},"class_list":["post-3799","page","type-page","status-publish","hentry"],"yoast_head":"<!-- This site is optimized with the Yoast SEO plugin v26.2 - https:\/\/yoast.com\/wordpress\/plugins\/seo\/ -->\n<title>wycieczka Sandomierz -<\/title>\n<meta name=\"robots\" content=\"index, follow, max-snippet:-1, max-image-preview:large, max-video-preview:-1\" \/>\n<link rel=\"canonical\" href=\"http:\/\/zaczek.edu.pl\/wp\/wycieczka-sandomierz\/\" \/>\n<meta property=\"og:locale\" content=\"pl_PL\" \/>\n<meta property=\"og:type\" content=\"article\" \/>\n<meta property=\"og:title\" content=\"wycieczka Sandomierz -\" \/>\n<meta property=\"og:description\" content=\"termin: do uzgodnienia Zwiedzanie miasta, wycieczka meleksami, podziemna trasa turystyczna, rejs statkiem \u21d3 Oferta do pobrania w pliku pdf \u21d3 SANDOMIERZ JEDNODNIOWA WYCIECZKA SZKOLNA Atrakcje: Zwiedzanie miasta, wycieczka meleksami, podziemna trasa turystyczna, rejs statkiem termin: do ustalenia &nbsp; cena 310 z\u0142 330 z\u0142 355 z\u0142 ilo\u015b\u0107 uczestnik\u00f3w 40-55 os\u00f3b 35-39 os\u00f3b 30-34 os\u00f3b Cena zawiera: [&hellip;]\" \/>\n<meta property=\"og:url\" content=\"http:\/\/zaczek.edu.pl\/wp\/wycieczka-sandomierz\/\" \/>\n<meta property=\"article:modified_time\" content=\"2025-11-03T16:10:11+00:00\" \/>\n<meta name=\"twitter:card\" content=\"summary_large_image\" \/>\n<meta name=\"twitter:label1\" content=\"Szacowany czas czytania\" \/>\n\t<meta name=\"twitter:data1\" content=\"2 minuty\" \/>\n<script type=\"application\/ld+json\" class=\"yoast-schema-graph\">{\"@context\":\"https:\/\/schema.org\",\"@graph\":[{\"@type\":\"WebPage\",\"@id\":\"http:\/\/zaczek.edu.pl\/wp\/wycieczka-sandomierz\/\",\"url\":\"http:\/\/zaczek.edu.pl\/wp\/wycieczka-sandomierz\/\",\"name\":\"wycieczka Sandomierz -\",\"isPartOf\":{\"@id\":\"http:\/\/zaczek.edu.pl\/wp\/#website\"},\"datePublished\":\"2025-11-03T16:08:18+00:00\",\"dateModified\":\"2025-11-03T16:10:11+00:00\",\"breadcrumb\":{\"@id\":\"http:\/\/zaczek.edu.pl\/wp\/wycieczka-sandomierz\/#breadcrumb\"},\"inLanguage\":\"pl-PL\",\"potentialAction\":[{\"@type\":\"ReadAction\",\"target\":[\"http:\/\/zaczek.edu.pl\/wp\/wycieczka-sandomierz\/\"]}]},{\"@type\":\"BreadcrumbList\",\"@id\":\"http:\/\/zaczek.edu.pl\/wp\/wycieczka-sandomierz\/#breadcrumb\",\"itemListElement\":[{\"@type\":\"ListItem\",\"position\":1,\"name\":\"Strona g\u0142\u00f3wna\",\"item\":\"http:\/\/zaczek.edu.pl\/wp\/\"},{\"@type\":\"ListItem\",\"position\":2,\"name\":\"wycieczka Sandomierz\"}]},{\"@type\":\"WebSite\",\"@id\":\"http:\/\/zaczek.edu.pl\/wp\/#website\",\"url\":\"http:\/\/zaczek.edu.pl\/wp\/\",\"name\":\"\",\"description\":\"\",\"potentialAction\":[{\"@type\":\"SearchAction\",\"target\":{\"@type\":\"EntryPoint\",\"urlTemplate\":\"http:\/\/zaczek.edu.pl\/wp\/?s={search_term_string}\"},\"query-input\":{\"@type\":\"PropertyValueSpecification\",\"valueRequired\":true,\"valueName\":\"search_term_string\"}}],\"inLanguage\":\"pl-PL\"}]}<\/script>\n<!-- \/ Yoast SEO plugin. -->","yoast_head_json":{"title":"wycieczka Sandomierz -","robots":{"index":"index","follow":"follow","max-snippet":"max-snippet:-1","max-image-preview":"max-image-preview:large","max-video-preview":"max-video-preview:-1"},"canonical":"http:\/\/zaczek.edu.pl\/wp\/wycieczka-sandomierz\/","og_locale":"pl_PL","og_type":"article","og_title":"wycieczka Sandomierz -","og_description":"termin: do uzgodnienia Zwiedzanie miasta, wycieczka meleksami, podziemna trasa turystyczna, rejs statkiem \u21d3 Oferta do pobrania w pliku pdf \u21d3 SANDOMIERZ JEDNODNIOWA WYCIECZKA SZKOLNA Atrakcje: Zwiedzanie miasta, wycieczka meleksami, podziemna trasa turystyczna, rejs statkiem termin: do ustalenia &nbsp; cena 310 z\u0142 330 z\u0142 355 z\u0142 ilo\u015b\u0107 uczestnik\u00f3w 40-55 os\u00f3b 35-39 os\u00f3b 30-34 os\u00f3b Cena zawiera: [&hellip;]","og_url":"http:\/\/zaczek.edu.pl\/wp\/wycieczka-sandomierz\/","article_modified_time":"2025-11-03T16:10:11+00:00","twitter_card":"summary_large_image","twitter_misc":{"Szacowany czas czytania":"2 minuty"},"schema":{"@context":"https:\/\/schema.org","@graph":[{"@type":"WebPage","@id":"http:\/\/zaczek.edu.pl\/wp\/wycieczka-sandomierz\/","url":"http:\/\/zaczek.edu.pl\/wp\/wycieczka-sandomierz\/","name":"wycieczka Sandomierz -","isPartOf":{"@id":"http:\/\/zaczek.edu.pl\/wp\/#website"},"datePublished":"2025-11-03T16:08:18+00:00","dateModified":"2025-11-03T16:10:11+00:00","breadcrumb":{"@id":"http:\/\/zaczek.edu.pl\/wp\/wycieczka-sandomierz\/#breadcrumb"},"inLanguage":"pl-PL","potentialAction":[{"@type":"ReadAction","target":["http:\/\/zaczek.edu.pl\/wp\/wycieczka-sandomierz\/"]}]},{"@type":"BreadcrumbList","@id":"http:\/\/zaczek.edu.pl\/wp\/wycieczka-sandomierz\/#breadcrumb","itemListElement":[{"@type":"ListItem","position":1,"name":"Strona g\u0142\u00f3wna","item":"http:\/\/zaczek.edu.pl\/wp\/"},{"@type":"ListItem","position":2,"name":"wycieczka Sandomierz"}]},{"@type":"WebSite","@id":"http:\/\/zaczek.edu.pl\/wp\/#website","url":"http:\/\/zaczek.edu.pl\/wp\/","name":"","description":"","potentialAction":[{"@type":"SearchAction","target":{"@type":"EntryPoint","urlTemplate":"http:\/\/zaczek.edu.pl\/wp\/?s={search_term_string}"},"query-input":{"@type":"PropertyValueSpecification","valueRequired":true,"valueName":"search_term_string"}}],"inLanguage":"pl-PL"}]}},"_links":{"self":[{"href":"http:\/\/zaczek.edu.pl\/wp\/wp-json\/wp\/v2\/pages\/3799","targetHints":{"allow":["GET"]}}],"collection":[{"href":"http:\/\/zaczek.edu.pl\/wp\/wp-json\/wp\/v2\/pages"}],"about":[{"href":"http:\/\/zaczek.edu.pl\/wp\/wp-json\/wp\/v2\/types\/page"}],"author":[{"embeddable":true,"href":"http:\/\/zaczek.edu.pl\/wp\/wp-json\/wp\/v2\/users\/1"}],"replies":[{"embeddable":true,"href":"http:\/\/zaczek.edu.pl\/wp\/wp-json\/wp\/v2\/comments?post=3799"}],"version-history":[{"count":4,"href":"http:\/\/zaczek.edu.pl\/wp\/wp-json\/wp\/v2\/pages\/3799\/revisions"}],"predecessor-version":[{"id":3802,"href":"http:\/\/zaczek.edu.pl\/wp\/wp-json\/wp\/v2\/pages\/3799\/revisions\/3802"}],"wp:attachment":[{"href":"http:\/\/zaczek.edu.pl\/wp\/wp-json\/wp\/v2\/media?parent=3799"}],"curies":[{"name":"wp","href":"https:\/\/api.w.org\/{rel}","templated":true}]}}